{"id":11450,"date":"2025-09-03T16:15:07","date_gmt":"2025-09-03T14:15:07","guid":{"rendered":"https:\/\/informationdemocracy.org\/cookies-ue\/"},"modified":"2025-09-19T17:11:03","modified_gmt":"2025-09-19T15:11:03","slug":"cookies-ue","status":"publish","type":"page","link":"https:\/\/informationdemocracy.org\/fr\/cookies-ue\/","title":{"rendered":"Cookies (UE)"},"content":{"rendered":"\n<p><strong>1. Introduction<\/strong><br\/>Le Forum sur l&rsquo;information et la d\u00e9mocratie (\u00ab\u00a0le Forum\u00a0\u00bb) utilise des cookies et des technologies similaires sur son site web <a href=\"http:\/\/www.informationdemocracy.org\/\">http:\/\/www.informationdemocracy.org<\/a> afin d&rsquo;am\u00e9liorer l&rsquo;exp\u00e9rience des utilisateurs, d&rsquo;analyser l&rsquo;utilisation du site web et de fournir un contenu pertinent.<\/p>\n\n<p><strong>2. Qu&rsquo;est-ce qu&rsquo;un cookie ?<\/strong><br\/>Les cookies sont de petits fichiers texte stock\u00e9s sur votre appareil lorsque vous visitez un site web. Ils permettent au site web de reconna\u00eetre votre appareil, de m\u00e9moriser vos pr\u00e9f\u00e9rences et de vous offrir une exp\u00e9rience de navigation plus fluide. <\/p>\n\n<p><strong>3. Types de cookies utilis\u00e9s<\/strong><\/p>\n\n<ul class=\"wp-block-list\">\n<li><strong>Cookies strictement n\u00e9cessaires<\/strong>: Ils sont n\u00e9cessaires \u00e0 la fonctionnalit\u00e9 du site web (navigation, s\u00e9curit\u00e9, gestion des sessions).<\/li>\n\n\n\n<li><strong>Cookies de performance et d&rsquo;analyse<\/strong>: Ils nous aident \u00e0 comprendre l&rsquo;utilisation du site et \u00e0 l&rsquo;am\u00e9liorer.<\/li>\n\n\n\n<li><strong>Cookies fonctionnels<\/strong>: M\u00e9moriser les pr\u00e9f\u00e9rences (par exemple, l&rsquo;abonnement \u00e0 la lettre d&rsquo;information).<\/li>\n\n\n\n<li><strong>Cookies de tiers<\/strong>: Ils proviennent de contenus ou de services int\u00e9gr\u00e9s (par exemple, m\u00e9dias sociaux, analyse).<\/li>\n<\/ul>\n\n<p><strong>4. G\u00e9rer ou d\u00e9sactiver les cookies<\/strong><br\/>Le site n&rsquo;utilisant pas de banni\u00e8re de consentement, les utilisateurs peuvent g\u00e9rer ou refuser les cookies en ajustant les param\u00e8tres de leur navigateur :<\/p>\n\n<ul class=\"wp-block-list\">\n<li><strong>Chrome<\/strong>: Param\u00e8tres &gt; Confidentialit\u00e9 et s\u00e9curit\u00e9 &gt; Cookies et autres donn\u00e9es du site<\/li>\n\n\n\n<li><strong>Firefox<\/strong>: Param\u00e8tres &gt; Confidentialit\u00e9 et s\u00e9curit\u00e9 &gt; Cookies et donn\u00e9es du site<\/li>\n\n\n\n<li><strong>Safari<\/strong>: Pr\u00e9f\u00e9rences &gt; Confidentialit\u00e9 &gt; G\u00e9rer les donn\u00e9es du site Web<\/li>\n\n\n\n<li><strong>Edge<\/strong>: Param\u00e8tres &gt; Cookies et autorisations de site<\/li>\n<\/ul>\n\n<p>La d\u00e9sactivation de certains cookies peut affecter la fonctionnalit\u00e9 du site web ou limiter l&rsquo;acc\u00e8s \u00e0 certaines fonctions.<\/p>\n\n<p><strong>5. Dur\u00e9e des cookies<\/strong><\/p>\n\n<ul class=\"wp-block-list\">\n<li><strong>Cookies de session<\/strong>: Supprim\u00e9s lorsque vous fermez votre navigateur<\/li>\n\n\n\n<li><strong>Cookies persistants<\/strong>: Restent sur votre appareil jusqu&rsquo;\u00e0 une p\u00e9riode d\u00e9termin\u00e9e ou jusqu&rsquo;\u00e0 ce qu&rsquo;ils soient supprim\u00e9s manuellement.<\/li>\n<\/ul>\n\n<p><strong>6. Consentement<\/strong><br\/>En continuant \u00e0 utiliser le site web du Forum, vous reconnaissez que des cookies peuvent \u00eatre stock\u00e9s sur votre appareil. Les utilisateurs peuvent \u00e0 tout moment emp\u00eacher ou supprimer les cookies via leur navigateur (voir ci-dessus). <\/p>\n\n<p><strong>7. Mises \u00e0 jour<\/strong><br\/>La pr\u00e9sente politique en mati\u00e8re de cookies peut \u00eatre mise \u00e0 jour p\u00e9riodiquement. La derni\u00e8re version sera toujours affich\u00e9e sur le site web avec la date de r\u00e9vision. <\/p>\n\n<p><strong>8. Contact<\/strong><br\/>Courriel : <a>contact@informationdemocracy.org<\/a><br\/>Poste : Forum sur l&rsquo;information et la d\u00e9mocratie, CS 90247, 75083 Paris CEDEX 02<\/p>\n\n<p><\/p>\n","protected":false},"excerpt":{"rendered":"<p>1. IntroductionLe Forum sur l&rsquo;information et la d\u00e9mocratie (\u00ab\u00a0le Forum\u00a0\u00bb) utilise des cookies et des technologies similaires sur son site web http:\/\/www.informationdemocracy.org afin d&rsquo;am\u00e9liorer l&rsquo;exp\u00e9rience des utilisateurs, d&rsquo;analyser l&rsquo;utilisation du site web et de fournir un contenu pertinent. 2. Qu&rsquo;est-ce qu&rsquo;un cookie ?Les cookies sont de petits fichiers texte stock\u00e9s sur votre appareil lorsque vous [&hellip;]<\/p>\n","protected":false},"author":3,"featured_media":11399,"parent":0,"menu_order":0,"comment_status":"closed","ping_status":"closed","template":"","meta":{"_acf_changed":false,"footnotes":""},"class_list":["post-11450","page","type-page","status-publish","has-post-thumbnail","hentry"],"acf":[],"yoast_head":"<!-- This site is optimized with the Yoast SEO plugin v27.4 - https:\/\/yoast.com\/product\/yoast-seo-wordpress\/ -->\n<title>Cookies (UE) - Forum Information &amp; Democracy<\/title>\n<meta name=\"robots\" content=\"index, follow, max-snippet:-1, max-image-preview:large, max-video-preview:-1\" \/>\n<link rel=\"canonical\" href=\"https:\/\/informationdemocracy.org\/fr\/cookies-ue\/\" \/>\n<meta property=\"og:locale\" content=\"fr_FR\" \/>\n<meta property=\"og:type\" content=\"article\" \/>\n<meta property=\"og:title\" content=\"Cookies (UE) - Forum Information &amp; Democracy\" \/>\n<meta property=\"og:description\" content=\"1. IntroductionLe Forum sur l&rsquo;information et la d\u00e9mocratie (\u00ab\u00a0le Forum\u00a0\u00bb) utilise des cookies et des technologies similaires sur son site web http:\/\/www.informationdemocracy.org afin d&rsquo;am\u00e9liorer l&rsquo;exp\u00e9rience des utilisateurs, d&rsquo;analyser l&rsquo;utilisation du site web et de fournir un contenu pertinent. 2. Qu&rsquo;est-ce qu&rsquo;un cookie ?Les cookies sont de petits fichiers texte stock\u00e9s sur votre appareil lorsque vous [&hellip;]\" \/>\n<meta property=\"og:url\" content=\"https:\/\/informationdemocracy.org\/fr\/cookies-ue\/\" \/>\n<meta property=\"og:site_name\" content=\"Forum Information &amp; Democracy\" \/>\n<meta property=\"article:modified_time\" content=\"2025-09-19T15:11:03+00:00\" \/>\n<meta property=\"og:image\" content=\"https:\/\/informationdemocracy.org\/wp-content\/uploads\/2025\/09\/Featured-image-.png\" \/>\n\t<meta property=\"og:image:width\" content=\"1200\" \/>\n\t<meta property=\"og:image:height\" content=\"675\" \/>\n\t<meta property=\"og:image:type\" content=\"image\/png\" \/>\n<meta name=\"twitter:card\" content=\"summary_large_image\" \/>\n<meta name=\"twitter:label1\" content=\"Dur\u00e9e de lecture estim\u00e9e\" \/>\n\t<meta name=\"twitter:data1\" content=\"2 minutes\" \/>\n<script type=\"application\/ld+json\" class=\"yoast-schema-graph\">{\"@context\":\"https:\\\/\\\/schema.org\",\"@graph\":[{\"@type\":\"WebPage\",\"@id\":\"https:\\\/\\\/informationdemocracy.org\\\/fr\\\/cookies-ue\\\/\",\"url\":\"https:\\\/\\\/informationdemocracy.org\\\/fr\\\/cookies-ue\\\/\",\"name\":\"Cookies (UE) - Forum Information &amp; Democracy\",\"isPartOf\":{\"@id\":\"https:\\\/\\\/informationdemocracy.org\\\/fr\\\/#website\"},\"primaryImageOfPage\":{\"@id\":\"https:\\\/\\\/informationdemocracy.org\\\/fr\\\/cookies-ue\\\/#primaryimage\"},\"image\":{\"@id\":\"https:\\\/\\\/informationdemocracy.org\\\/fr\\\/cookies-ue\\\/#primaryimage\"},\"thumbnailUrl\":\"https:\\\/\\\/informationdemocracy.org\\\/wp-content\\\/uploads\\\/2025\\\/09\\\/Featured-image-.png\",\"datePublished\":\"2025-09-03T14:15:07+00:00\",\"dateModified\":\"2025-09-19T15:11:03+00:00\",\"breadcrumb\":{\"@id\":\"https:\\\/\\\/informationdemocracy.org\\\/fr\\\/cookies-ue\\\/#breadcrumb\"},\"inLanguage\":\"fr-FR\",\"potentialAction\":[{\"@type\":\"ReadAction\",\"target\":[\"https:\\\/\\\/informationdemocracy.org\\\/fr\\\/cookies-ue\\\/\"]}]},{\"@type\":\"ImageObject\",\"inLanguage\":\"fr-FR\",\"@id\":\"https:\\\/\\\/informationdemocracy.org\\\/fr\\\/cookies-ue\\\/#primaryimage\",\"url\":\"https:\\\/\\\/informationdemocracy.org\\\/wp-content\\\/uploads\\\/2025\\\/09\\\/Featured-image-.png\",\"contentUrl\":\"https:\\\/\\\/informationdemocracy.org\\\/wp-content\\\/uploads\\\/2025\\\/09\\\/Featured-image-.png\",\"width\":1200,\"height\":675},{\"@type\":\"BreadcrumbList\",\"@id\":\"https:\\\/\\\/informationdemocracy.org\\\/fr\\\/cookies-ue\\\/#breadcrumb\",\"itemListElement\":[{\"@type\":\"ListItem\",\"position\":1,\"name\":\"Accueil\",\"item\":\"https:\\\/\\\/informationdemocracy.org\\\/fr\\\/\"},{\"@type\":\"ListItem\",\"position\":2,\"name\":\"Cookies (UE)\"}]},{\"@type\":\"WebSite\",\"@id\":\"https:\\\/\\\/informationdemocracy.org\\\/fr\\\/#website\",\"url\":\"https:\\\/\\\/informationdemocracy.org\\\/fr\\\/\",\"name\":\"Forum on Information & Democracy\",\"description\":\"\",\"publisher\":{\"@id\":\"https:\\\/\\\/informationdemocracy.org\\\/fr\\\/#organization\"},\"potentialAction\":[{\"@type\":\"SearchAction\",\"target\":{\"@type\":\"EntryPoint\",\"urlTemplate\":\"https:\\\/\\\/informationdemocracy.org\\\/fr\\\/?s={search_term_string}\"},\"query-input\":{\"@type\":\"PropertyValueSpecification\",\"valueRequired\":true,\"valueName\":\"search_term_string\"}}],\"inLanguage\":\"fr-FR\"},{\"@type\":\"Organization\",\"@id\":\"https:\\\/\\\/informationdemocracy.org\\\/fr\\\/#organization\",\"name\":\"Forum on Information & Democracy\",\"url\":\"https:\\\/\\\/informationdemocracy.org\\\/fr\\\/\",\"logo\":{\"@type\":\"ImageObject\",\"inLanguage\":\"fr-FR\",\"@id\":\"https:\\\/\\\/informationdemocracy.org\\\/fr\\\/#\\\/schema\\\/logo\\\/image\\\/\",\"url\":\"https:\\\/\\\/informationdemocracy.org\\\/wp-content\\\/uploads\\\/2025\\\/09\\\/Logo.svg\",\"contentUrl\":\"https:\\\/\\\/informationdemocracy.org\\\/wp-content\\\/uploads\\\/2025\\\/09\\\/Logo.svg\",\"width\":168,\"height\":51,\"caption\":\"Forum on Information & Democracy\"},\"image\":{\"@id\":\"https:\\\/\\\/informationdemocracy.org\\\/fr\\\/#\\\/schema\\\/logo\\\/image\\\/\"},\"sameAs\":[\"https:\\\/\\\/www.linkedin.com\\\/company\\\/forum-information-democracy\",\"https:\\\/\\\/www.youtube.com\\\/playlist?list=PL-yF0NqTYQU2B3I97oh3Dv2Dfevd8ThM_\",\"https:\\\/\\\/www.instagram.com\\\/foruminformationdemocracy\\\/\"]}]}<\/script>\n<!-- \/ Yoast SEO plugin. -->","yoast_head_json":{"title":"Cookies (UE) - Forum Information &amp; Democracy","robots":{"index":"index","follow":"follow","max-snippet":"max-snippet:-1","max-image-preview":"max-image-preview:large","max-video-preview":"max-video-preview:-1"},"canonical":"https:\/\/informationdemocracy.org\/fr\/cookies-ue\/","og_locale":"fr_FR","og_type":"article","og_title":"Cookies (UE) - Forum Information &amp; Democracy","og_description":"1. IntroductionLe Forum sur l&rsquo;information et la d\u00e9mocratie (\u00ab\u00a0le Forum\u00a0\u00bb) utilise des cookies et des technologies similaires sur son site web http:\/\/www.informationdemocracy.org afin d&rsquo;am\u00e9liorer l&rsquo;exp\u00e9rience des utilisateurs, d&rsquo;analyser l&rsquo;utilisation du site web et de fournir un contenu pertinent. 2. Qu&rsquo;est-ce qu&rsquo;un cookie ?Les cookies sont de petits fichiers texte stock\u00e9s sur votre appareil lorsque vous [&hellip;]","og_url":"https:\/\/informationdemocracy.org\/fr\/cookies-ue\/","og_site_name":"Forum Information &amp; Democracy","article_modified_time":"2025-09-19T15:11:03+00:00","og_image":[{"width":1200,"height":675,"url":"https:\/\/informationdemocracy.org\/wp-content\/uploads\/2025\/09\/Featured-image-.png","type":"image\/png"}],"twitter_card":"summary_large_image","twitter_misc":{"Dur\u00e9e de lecture estim\u00e9e":"2 minutes"},"schema":{"@context":"https:\/\/schema.org","@graph":[{"@type":"WebPage","@id":"https:\/\/informationdemocracy.org\/fr\/cookies-ue\/","url":"https:\/\/informationdemocracy.org\/fr\/cookies-ue\/","name":"Cookies (UE) - Forum Information &amp; Democracy","isPartOf":{"@id":"https:\/\/informationdemocracy.org\/fr\/#website"},"primaryImageOfPage":{"@id":"https:\/\/informationdemocracy.org\/fr\/cookies-ue\/#primaryimage"},"image":{"@id":"https:\/\/informationdemocracy.org\/fr\/cookies-ue\/#primaryimage"},"thumbnailUrl":"https:\/\/informationdemocracy.org\/wp-content\/uploads\/2025\/09\/Featured-image-.png","datePublished":"2025-09-03T14:15:07+00:00","dateModified":"2025-09-19T15:11:03+00:00","breadcrumb":{"@id":"https:\/\/informationdemocracy.org\/fr\/cookies-ue\/#breadcrumb"},"inLanguage":"fr-FR","potentialAction":[{"@type":"ReadAction","target":["https:\/\/informationdemocracy.org\/fr\/cookies-ue\/"]}]},{"@type":"ImageObject","inLanguage":"fr-FR","@id":"https:\/\/informationdemocracy.org\/fr\/cookies-ue\/#primaryimage","url":"https:\/\/informationdemocracy.org\/wp-content\/uploads\/2025\/09\/Featured-image-.png","contentUrl":"https:\/\/informationdemocracy.org\/wp-content\/uploads\/2025\/09\/Featured-image-.png","width":1200,"height":675},{"@type":"BreadcrumbList","@id":"https:\/\/informationdemocracy.org\/fr\/cookies-ue\/#breadcrumb","itemListElement":[{"@type":"ListItem","position":1,"name":"Accueil","item":"https:\/\/informationdemocracy.org\/fr\/"},{"@type":"ListItem","position":2,"name":"Cookies (UE)"}]},{"@type":"WebSite","@id":"https:\/\/informationdemocracy.org\/fr\/#website","url":"https:\/\/informationdemocracy.org\/fr\/","name":"Forum on Information & Democracy","description":"","publisher":{"@id":"https:\/\/informationdemocracy.org\/fr\/#organization"},"potentialAction":[{"@type":"SearchAction","target":{"@type":"EntryPoint","urlTemplate":"https:\/\/informationdemocracy.org\/fr\/?s={search_term_string}"},"query-input":{"@type":"PropertyValueSpecification","valueRequired":true,"valueName":"search_term_string"}}],"inLanguage":"fr-FR"},{"@type":"Organization","@id":"https:\/\/informationdemocracy.org\/fr\/#organization","name":"Forum on Information & Democracy","url":"https:\/\/informationdemocracy.org\/fr\/","logo":{"@type":"ImageObject","inLanguage":"fr-FR","@id":"https:\/\/informationdemocracy.org\/fr\/#\/schema\/logo\/image\/","url":"https:\/\/informationdemocracy.org\/wp-content\/uploads\/2025\/09\/Logo.svg","contentUrl":"https:\/\/informationdemocracy.org\/wp-content\/uploads\/2025\/09\/Logo.svg","width":168,"height":51,"caption":"Forum on Information & Democracy"},"image":{"@id":"https:\/\/informationdemocracy.org\/fr\/#\/schema\/logo\/image\/"},"sameAs":["https:\/\/www.linkedin.com\/company\/forum-information-democracy","https:\/\/www.youtube.com\/playlist?list=PL-yF0NqTYQU2B3I97oh3Dv2Dfevd8ThM_","https:\/\/www.instagram.com\/foruminformationdemocracy\/"]}]}},"_links":{"self":[{"href":"https:\/\/informationdemocracy.org\/fr\/wp-json\/wp\/v2\/pages\/11450","targetHints":{"allow":["GET"]}}],"collection":[{"href":"https:\/\/informationdemocracy.org\/fr\/wp-json\/wp\/v2\/pages"}],"about":[{"href":"https:\/\/informationdemocracy.org\/fr\/wp-json\/wp\/v2\/types\/page"}],"author":[{"embeddable":true,"href":"https:\/\/informationdemocracy.org\/fr\/wp-json\/wp\/v2\/users\/3"}],"replies":[{"embeddable":true,"href":"https:\/\/informationdemocracy.org\/fr\/wp-json\/wp\/v2\/comments?post=11450"}],"version-history":[{"count":0,"href":"https:\/\/informationdemocracy.org\/fr\/wp-json\/wp\/v2\/pages\/11450\/revisions"}],"wp:featuredmedia":[{"embeddable":true,"href":"https:\/\/informationdemocracy.org\/fr\/wp-json\/wp\/v2\/media\/11399"}],"wp:attachment":[{"href":"https:\/\/informationdemocracy.org\/fr\/wp-json\/wp\/v2\/media?parent=11450"}],"curies":[{"name":"wp","href":"https:\/\/api.w.org\/{rel}","templated":true}]}}