{"id":11452,"date":"2025-08-08T12:14:10","date_gmt":"2025-08-08T10:14:10","guid":{"rendered":"https:\/\/informationdemocracy.org\/contribuer\/"},"modified":"2025-09-09T12:09:46","modified_gmt":"2025-09-09T10:09:46","slug":"contribuer","status":"publish","type":"page","link":"https:\/\/informationdemocracy.org\/fr\/contribuer\/","title":{"rendered":"Contribuer"},"content":{"rendered":"\t\t<div data-elementor-type=\"wp-page\" data-elementor-id=\"11452\" class=\"elementor elementor-11452 elementor-10869\" data-elementor-post-type=\"page\">\n\t\t\t\t<section class=\"elementor-element elementor-element-06494d5 e-flex e-con-boxed e-con e-parent\" data-id=\"06494d5\" data-element_type=\"container\" data-e-type=\"container\" data-settings=\"{&quot;background_background&quot;:&quot;classic&quot;}\">\n\t\t\t\t\t<div class=\"e-con-inner\">\n\t\t<div class=\"elementor-element elementor-element-353e7c3 e-con-full e-flex e-con e-child\" data-id=\"353e7c3\" data-element_type=\"container\" data-e-type=\"container\">\n\t\t\t\t<div class=\"elementor-element elementor-element-b7ab510 title-line hero elementor-widget elementor-widget-html\" data-id=\"b7ab510\" data-element_type=\"widget\" data-e-type=\"widget\" data-widget_type=\"html.default\">\n\t\t\t\t\t&nbsp;\t\t\t\t<\/div>\n\t\t<div class=\"elementor-element elementor-element-614c4fc e-con-full e-flex e-con e-child\" data-id=\"614c4fc\" data-element_type=\"container\" data-e-type=\"container\">\n\t\t\t\t<div class=\"elementor-element elementor-element-6166cf6 elementor-widget__width-initial elementor-widget elementor-widget-heading\" data-id=\"6166cf6\" data-element_type=\"widget\" data-e-type=\"widget\" data-widget_type=\"heading.default\">\n\t\t\t\t\t<h1 class=\"elementor-heading-title elementor-size-default\">Contribuer<\/h1>\t\t\t\t<\/div>\n\t\t\t\t<div class=\"elementor-element elementor-element-b97ae97 elementor-widget__width-initial elementor-widget elementor-widget-text-editor\" data-id=\"b97ae97\" data-element_type=\"widget\" data-e-type=\"widget\" data-widget_type=\"text-editor.default\">\n\t\t\t\t\t\t\t\t\t<p>Le Forum sur l&rsquo;information et la d\u00e9mocratie accueille les contributions de toutes les parties prenantes qui travaillent \u00e0 la mise en place d&rsquo;un espace d&rsquo;information d\u00e9mocratique.<\/p>\t\t\t\t\t\t\t\t<\/div>\n\t\t\t\t<\/div>\n\t\t\t\t<\/div>\n\t\t\t\t\t<\/div>\n\t\t\t\t<\/section>\n\t\t<section class=\"elementor-element elementor-element-4e7d8b2 e-flex e-con-boxed e-con e-parent\" data-id=\"4e7d8b2\" data-element_type=\"container\" data-e-type=\"container\" data-settings=\"{&quot;background_background&quot;:&quot;classic&quot;}\">\n\t\t\t\t\t<div class=\"e-con-inner\">\n\t\t<div class=\"elementor-element elementor-element-d723980 e-con-full e-flex e-con e-child\" data-id=\"d723980\" data-element_type=\"container\" data-e-type=\"container\">\n\t\t\t\t<div class=\"elementor-element elementor-element-5df397c elementor-widget elementor-widget-heading\" data-id=\"5df397c\" data-element_type=\"widget\" data-e-type=\"widget\" data-widget_type=\"heading.default\">\n\t\t\t\t\t<h2 class=\"elementor-heading-title elementor-size-default\">Appels \u00e0 contribution ouverts<\/h2>\t\t\t\t<\/div>\n\t\t\t\t<div class=\"elementor-element elementor-element-4e33598 elementor-widget elementor-widget-text-editor\" data-id=\"4e33598\" data-element_type=\"widget\" data-e-type=\"widget\" data-widget_type=\"text-editor.default\">\n\t\t\t\t\t\t\t\t\t<p>Nous n&rsquo;avons pas actuellement d&rsquo;appel \u00e0 contribution ouvert.<\/p>\t\t\t\t\t\t\t\t<\/div>\n\t\t\t\t<\/div>\n\t\t\t\t\t<\/div>\n\t\t\t\t<\/section>\n\t\t<section class=\"elementor-element elementor-element-e2aa08c e-flex e-con-boxed e-con e-parent\" data-id=\"e2aa08c\" data-element_type=\"container\" data-e-type=\"container\" data-settings=\"{&quot;background_background&quot;:&quot;classic&quot;}\">\n\t\t\t\t\t<div class=\"e-con-inner\">\n\t\t<div class=\"elementor-element elementor-element-9160929 e-con-full e-flex e-con e-child\" data-id=\"9160929\" data-element_type=\"container\" data-e-type=\"container\">\n\t\t\t\t<div class=\"elementor-element elementor-element-9b24d3f elementor-widget elementor-widget-heading\" data-id=\"9b24d3f\" data-element_type=\"widget\" data-e-type=\"widget\" data-widget_type=\"heading.default\">\n\t\t\t\t\t<h2 class=\"elementor-heading-title elementor-size-default\">Postulez pour rejoindre nos chantiers  <\/h2>\t\t\t\t<\/div>\n\t\t\t\t<div class=\"elementor-element elementor-element-21f0ecb elementor-widget elementor-widget-text-editor\" data-id=\"21f0ecb\" data-element_type=\"widget\" data-e-type=\"widget\" data-widget_type=\"text-editor.default\">\n\t\t\t\t\t\t\t\t\t<p>Nos axes de travail sont ouverts aux d\u00e9cideurs politiques et aux fonctionnaires des \u00c9tats signataires du partenariat pour l&rsquo;information et la d\u00e9mocratie, aux membres de la coalition de la soci\u00e9t\u00e9 civile et \u00e0 des chercheurs s\u00e9lectionn\u00e9s.<\/p>\t\t\t\t\t\t\t\t<\/div>\n\t\t\t\t<\/div>\n\t\t<div class=\"elementor-element elementor-element-1ffea00 e-con-full e-flex e-con e-child\" data-id=\"1ffea00\" data-element_type=\"container\" data-e-type=\"container\">\n\t\t<div class=\"elementor-element elementor-element-5fe4c5a e-con-full e-flex e-con e-child\" data-id=\"5fe4c5a\" data-element_type=\"container\" data-e-type=\"container\">\n\t\t<div class=\"elementor-element elementor-element-9239fe9 e-con-full e-flex e-con e-child\" data-id=\"9239fe9\" data-element_type=\"container\" data-e-type=\"container\">\n\t\t<div class=\"elementor-element elementor-element-c46f201 e-con-full e-flex e-con e-child\" data-id=\"c46f201\" data-element_type=\"container\" data-e-type=\"container\">\n\t\t\t\t<div class=\"elementor-element elementor-element-dc031d1 elementor-widget elementor-widget-heading\" data-id=\"dc031d1\" data-element_type=\"widget\" data-e-type=\"widget\" data-widget_type=\"heading.default\">\n\t\t\t\t\t<h3 class=\"elementor-heading-title elementor-size-default\">Vous \u00eates chercheur<\/h3>\t\t\t\t<\/div>\n\t\t\t\t<div class=\"elementor-element elementor-element-262b867 elementor-widget elementor-widget-text-editor\" data-id=\"262b867\" data-element_type=\"widget\" data-e-type=\"widget\" data-widget_type=\"text-editor.default\">\n\t\t\t\t\t\t\t\t\t<p>Si vous \u00eates chercheur, envoyez votre curriculum vitae et votre affiliation.<\/p>\t\t\t\t\t\t\t\t<\/div>\n\t\t\t\t<\/div>\n\t\t\t\t<div class=\"elementor-element elementor-element-e5f3543 elementor-align-right elementor-tablet-align-left btn-arrow-upright elementor-widget elementor-widget-button\" data-id=\"e5f3543\" data-element_type=\"widget\" data-e-type=\"widget\" data-widget_type=\"button.default\">\n\t\t\t\t\t\t\t\t\t\t<a class=\"elementor-button elementor-button-link elementor-size-sm\" href=\"https:\/\/informationdemocracy.org\/fr\/contactez-nous\/\">\n\t\t\t\t\t\t<span class=\"elementor-button-content-wrapper\">\n\t\t\t\t\t\t<span class=\"elementor-button-icon\">\n\t\t\t\t<svg xmlns=\"http:\/\/www.w3.org\/2000\/svg\" width=\"9\" height=\"10\" viewBox=\"0 0 9 10\" fill=\"none\"><g clip-path=\"url(#clip0_443_84584)\"><path d=\"M7.50262 3.07946L1.05865 9.52344L0 8.46479L6.44322 2.02082H0.764413V0.523438H9V8.75903H7.50262V3.07946Z\" fill=\"white\"><\/path><\/g><defs><clipPath id=\"clip0_443_84584\"><rect width=\"9\" height=\"9\" fill=\"white\" transform=\"translate(0 0.523438)\"><\/rect><\/clipPath><\/defs><\/svg>\t\t\t<\/span>\n\t\t\t\t\t\t\t\t\t<span class=\"elementor-button-text\">Envoyez votre CV et votre affiliation<\/span>\n\t\t\t\t\t<\/span>\n\t\t\t\t\t<\/a>\n\t\t\t\t\t\t\t\t<\/div>\n\t\t\t\t<\/div>\n\t\t\t\t<\/div>\n\t\t\t\t<div class=\"elementor-element elementor-element-1096f9a elementor-widget-divider--view-line elementor-widget elementor-widget-divider\" data-id=\"1096f9a\" data-element_type=\"widget\" data-e-type=\"widget\" data-widget_type=\"divider.default\">\n\t\t\t\t\t\t\t<div class=\"elementor-divider\">\n\t\t\t<span class=\"elementor-divider-separator\">\n\t\t\t\t\t\t<\/span>\n\t\t<\/div>\n\t\t\t\t\t\t<\/div>\n\t\t<div class=\"elementor-element elementor-element-cbf9f54 e-con-full e-flex e-con e-child\" data-id=\"cbf9f54\" data-element_type=\"container\" data-e-type=\"container\">\n\t\t<div class=\"elementor-element elementor-element-5b46797 e-con-full e-flex e-con e-child\" data-id=\"5b46797\" data-element_type=\"container\" data-e-type=\"container\">\n\t\t<div class=\"elementor-element elementor-element-eb2058f e-con-full e-flex e-con e-child\" data-id=\"eb2058f\" data-element_type=\"container\" data-e-type=\"container\">\n\t\t\t\t<div class=\"elementor-element elementor-element-2cbac53 elementor-widget elementor-widget-heading\" data-id=\"2cbac53\" data-element_type=\"widget\" data-e-type=\"widget\" data-widget_type=\"heading.default\">\n\t\t\t\t\t<h3 class=\"elementor-heading-title elementor-size-default\">Vous \u00eates un d\u00e9cideur politique<\/h3>\t\t\t\t<\/div>\n\t\t\t\t<div class=\"elementor-element elementor-element-94e2c4a elementor-widget elementor-widget-text-editor\" data-id=\"94e2c4a\" data-element_type=\"widget\" data-e-type=\"widget\" data-widget_type=\"text-editor.default\">\n\t\t\t\t\t\t\t\t\t<p>Si vous \u00eates un responsable politique d&rsquo;un \u00c9tat signataire, n&rsquo;h\u00e9sitez pas \u00e0 contacter XXX.<\/p>\t\t\t\t\t\t\t\t<\/div>\n\t\t\t\t<\/div>\n\t\t\t\t<div class=\"elementor-element elementor-element-f9e2668 elementor-align-right elementor-tablet-align-left btn-arrow-upright elementor-widget elementor-widget-button\" data-id=\"f9e2668\" data-element_type=\"widget\" data-e-type=\"widget\" data-widget_type=\"button.default\">\n\t\t\t\t\t\t\t\t\t\t<a class=\"elementor-button elementor-button-link elementor-size-sm\" href=\"https:\/\/informationdemocracy.org\/fr\/contactez-nous\/\">\n\t\t\t\t\t\t<span class=\"elementor-button-content-wrapper\">\n\t\t\t\t\t\t<span class=\"elementor-button-icon\">\n\t\t\t\t<svg xmlns=\"http:\/\/www.w3.org\/2000\/svg\" width=\"9\" height=\"10\" viewBox=\"0 0 9 10\" fill=\"none\"><g clip-path=\"url(#clip0_443_84584)\"><path d=\"M7.50262 3.07946L1.05865 9.52344L0 8.46479L6.44322 2.02082H0.764413V0.523438H9V8.75903H7.50262V3.07946Z\" fill=\"white\"><\/path><\/g><defs><clipPath id=\"clip0_443_84584\"><rect width=\"9\" height=\"9\" fill=\"white\" transform=\"translate(0 0.523438)\"><\/rect><\/clipPath><\/defs><\/svg>\t\t\t<\/span>\n\t\t\t\t\t\t\t\t\t<span class=\"elementor-button-text\">Contactez XXX<\/span>\n\t\t\t\t\t<\/span>\n\t\t\t\t\t<\/a>\n\t\t\t\t\t\t\t\t<\/div>\n\t\t\t\t<\/div>\n\t\t\t\t<\/div>\n\t\t\t\t<\/div>\n\t\t\t\t\t<\/div>\n\t\t\t\t<\/section>\n\t\t<section class=\"elementor-element elementor-element-c67cfdc e-flex e-con-boxed e-con e-parent\" data-id=\"c67cfdc\" data-element_type=\"container\" data-e-type=\"container\" data-settings=\"{&quot;background_background&quot;:&quot;classic&quot;}\">\n\t\t\t\t\t<div class=\"e-con-inner\">\n\t\t<div class=\"elementor-element elementor-element-1928416 e-con-full e-flex e-con e-child\" data-id=\"1928416\" data-element_type=\"container\" data-e-type=\"container\">\n\t\t\t\t<div class=\"elementor-element elementor-element-7f60874 elementor-widget elementor-widget-heading\" data-id=\"7f60874\" data-element_type=\"widget\" data-e-type=\"widget\" data-widget_type=\"heading.default\">\n\t\t\t\t\t<h2 class=\"elementor-heading-title elementor-size-default\">Contribuer \u00e0 la r\u00e9flexion, \u00e0 l'analyse et aux recommandations politiques<\/h2>\t\t\t\t<\/div>\n\t\t<div class=\"elementor-element elementor-element-60554ba e-con-full e-flex e-con e-child\" data-id=\"60554ba\" data-element_type=\"container\" data-e-type=\"container\">\n\t\t\t\t<div class=\"elementor-element elementor-element-be854bb elementor-widget elementor-widget-text-editor\" data-id=\"be854bb\" data-element_type=\"widget\" data-e-type=\"widget\" data-widget_type=\"text-editor.default\">\n\t\t\t\t\t\t\t\t\t<ul><li>Partagez vos id\u00e9es sur les d\u00e9veloppements r\u00e9cents<\/li><li>Faites-nous part de vos publications r\u00e9centes pour qu&rsquo;elles soient incluses dans notre bulletin d&rsquo;information.<\/li><\/ul>\t\t\t\t\t\t\t\t<\/div>\n\t\t\t\t<div class=\"elementor-element elementor-element-17f5a56 elementor-align-right elementor-tablet-align-left btn-arrow-upright elementor-widget elementor-widget-button\" data-id=\"17f5a56\" data-element_type=\"widget\" data-e-type=\"widget\" data-widget_type=\"button.default\">\n\t\t\t\t\t\t\t\t\t\t<a class=\"elementor-button elementor-button-link elementor-size-sm\" href=\"https:\/\/informationdemocracy.org\/fr\/contactez-nous\/\">\n\t\t\t\t\t\t<span class=\"elementor-button-content-wrapper\">\n\t\t\t\t\t\t<span class=\"elementor-button-icon\">\n\t\t\t\t<svg xmlns=\"http:\/\/www.w3.org\/2000\/svg\" width=\"9\" height=\"10\" viewBox=\"0 0 9 10\" fill=\"none\"><g clip-path=\"url(#clip0_443_84584)\"><path d=\"M7.50262 3.07946L1.05865 9.52344L0 8.46479L6.44322 2.02082H0.764413V0.523438H9V8.75903H7.50262V3.07946Z\" fill=\"white\"><\/path><\/g><defs><clipPath id=\"clip0_443_84584\"><rect width=\"9\" height=\"9\" fill=\"white\" transform=\"translate(0 0.523438)\"><\/rect><\/clipPath><\/defs><\/svg>\t\t\t<\/span>\n\t\t\t\t\t\t\t\t\t<span class=\"elementor-button-text\">Contribuer<\/span>\n\t\t\t\t\t<\/span>\n\t\t\t\t\t<\/a>\n\t\t\t\t\t\t\t\t<\/div>\n\t\t\t\t<\/div>\n\t\t\t\t<\/div>\n\t\t\t\t\t<\/div>\n\t\t\t\t<\/section>\n\t\t<section class=\"elementor-element elementor-element-5d84523 e-flex e-con-boxed e-con e-parent\" data-id=\"5d84523\" data-element_type=\"container\" data-e-type=\"container\" data-settings=\"{&quot;background_background&quot;:&quot;classic&quot;}\">\n\t\t\t\t\t<div class=\"e-con-inner\">\n\t\t<div class=\"elementor-element elementor-element-388962e e-con-full e-flex e-con e-child\" data-id=\"388962e\" data-element_type=\"container\" data-e-type=\"container\">\n\t\t\t\t<div class=\"elementor-element elementor-element-f2cc852 elementor-widget elementor-widget-heading\" data-id=\"f2cc852\" data-element_type=\"widget\" data-e-type=\"widget\" data-widget_type=\"heading.default\">\n\t\t\t\t\t<h2 class=\"elementor-heading-title elementor-size-default\">Signer les d\u00e9clarations communes et les contributions aux consultations<\/h2>\t\t\t\t<\/div>\n\t\t\t\t<div class=\"elementor-element elementor-element-218a17d elementor-widget elementor-widget-text-editor\" data-id=\"218a17d\" data-element_type=\"widget\" data-e-type=\"widget\" data-widget_type=\"text-editor.default\">\n\t\t\t\t\t\t\t\t\t<p>Nous n&rsquo;avons actuellement aucune d\u00e9claration ouverte \u00e0 la signature.<\/p>\t\t\t\t\t\t\t\t<\/div>\n\t\t\t\t<\/div>\n\t\t\t\t\t<\/div>\n\t\t\t\t<\/section>\n\t\t<div class=\"elementor-element elementor-element-ba2c079 e-flex e-con-boxed e-con e-parent\" data-id=\"ba2c079\" data-element_type=\"container\" data-e-type=\"container\" data-settings=\"{&quot;background_background&quot;:&quot;classic&quot;}\">\n\t\t\t\t\t<div class=\"e-con-inner\">\n\t\t\t\t<div class=\"elementor-element elementor-element-e4bcd76 split-text elementor-widget elementor-widget-heading\" data-id=\"e4bcd76\" data-element_type=\"widget\" data-e-type=\"widget\" data-widget_type=\"heading.default\">\n\t\t\t\t\t<h2 class=\"elementor-heading-title elementor-size-default\">Et n'oubliez pas de vous inscrire \u00e0 notre lettre d'information !<\/h2>\t\t\t\t<\/div>\n\t\t\t\t<div class=\"elementor-element elementor-element-454a8db elementor-align-center elementor-widget elementor-widget-button\" data-id=\"454a8db\" data-element_type=\"widget\" data-e-type=\"widget\" data-widget_type=\"button.default\">\n\t\t\t\t\t\t\t\t\t\t<a class=\"elementor-button elementor-button-link elementor-size-sm\" href=\"#newsletter\">\n\t\t\t\t\t\t<span class=\"elementor-button-content-wrapper\">\n\t\t\t\t\t\t\t\t\t<span class=\"elementor-button-text\">Inscrivez-vous !<\/span>\n\t\t\t\t\t<\/span>\n\t\t\t\t\t<\/a>\n\t\t\t\t\t\t\t\t<\/div>\n\t\t\t\t\t<\/div>\n\t\t\t\t<\/div>\n\t\t\t\t<\/div>\n\t\t","protected":false},"excerpt":{"rendered":"<p>&nbsp; Contribuer Le Forum sur l&rsquo;information et la d\u00e9mocratie accueille les contributions de toutes les parties prenantes qui travaillent \u00e0 la mise en place d&rsquo;un espace d&rsquo;information d\u00e9mocratique. Appels \u00e0 contribution ouverts Nous n&rsquo;avons pas actuellement d&rsquo;appel \u00e0 contribution ouvert. Postulez pour rejoindre nos chantiers Nos axes de travail sont ouverts aux d\u00e9cideurs politiques et [&hellip;]<\/p>\n","protected":false},"author":3,"featured_media":11399,"parent":0,"menu_order":0,"comment_status":"closed","ping_status":"closed","template":"","meta":{"_acf_changed":false,"footnotes":""},"class_list":["post-11452","page","type-page","status-publish","has-post-thumbnail","hentry"],"acf":[],"yoast_head":"<!-- This site is optimized with the Yoast SEO plugin v27.4 - https:\/\/yoast.com\/product\/yoast-seo-wordpress\/ -->\n<title>Contribuer - Forum Information &amp; Democracy<\/title>\n<meta name=\"robots\" content=\"index, follow, max-snippet:-1, max-image-preview:large, max-video-preview:-1\" \/>\n<link rel=\"canonical\" href=\"https:\/\/informationdemocracy.org\/fr\/contribuer\/\" \/>\n<meta property=\"og:locale\" content=\"fr_FR\" \/>\n<meta property=\"og:type\" content=\"article\" \/>\n<meta property=\"og:title\" content=\"Contribuer - Forum Information &amp; Democracy\" \/>\n<meta property=\"og:description\" content=\"&nbsp; Contribuer Le Forum sur l&rsquo;information et la d\u00e9mocratie accueille les contributions de toutes les parties prenantes qui travaillent \u00e0 la mise en place d&rsquo;un espace d&rsquo;information d\u00e9mocratique. Appels \u00e0 contribution ouverts Nous n&rsquo;avons pas actuellement d&rsquo;appel \u00e0 contribution ouvert. Postulez pour rejoindre nos chantiers Nos axes de travail sont ouverts aux d\u00e9cideurs politiques et [&hellip;]\" \/>\n<meta property=\"og:url\" content=\"https:\/\/informationdemocracy.org\/fr\/contribuer\/\" \/>\n<meta property=\"og:site_name\" content=\"Forum Information &amp; Democracy\" \/>\n<meta property=\"article:modified_time\" content=\"2025-09-09T10:09:46+00:00\" \/>\n<meta property=\"og:image\" content=\"https:\/\/informationdemocracy.org\/wp-content\/uploads\/2025\/09\/Featured-image-.png\" \/>\n\t<meta property=\"og:image:width\" content=\"1200\" \/>\n\t<meta property=\"og:image:height\" content=\"675\" \/>\n\t<meta property=\"og:image:type\" content=\"image\/png\" \/>\n<meta name=\"twitter:card\" content=\"summary_large_image\" \/>\n<meta name=\"twitter:label1\" content=\"Dur\u00e9e de lecture estim\u00e9e\" \/>\n\t<meta name=\"twitter:data1\" content=\"1 minute\" \/>\n<script type=\"application\/ld+json\" class=\"yoast-schema-graph\">{\"@context\":\"https:\\\/\\\/schema.org\",\"@graph\":[{\"@type\":\"WebPage\",\"@id\":\"https:\\\/\\\/informationdemocracy.org\\\/fr\\\/contribuer\\\/\",\"url\":\"https:\\\/\\\/informationdemocracy.org\\\/fr\\\/contribuer\\\/\",\"name\":\"Contribuer - Forum Information &amp; Democracy\",\"isPartOf\":{\"@id\":\"https:\\\/\\\/informationdemocracy.org\\\/fr\\\/#website\"},\"primaryImageOfPage\":{\"@id\":\"https:\\\/\\\/informationdemocracy.org\\\/fr\\\/contribuer\\\/#primaryimage\"},\"image\":{\"@id\":\"https:\\\/\\\/informationdemocracy.org\\\/fr\\\/contribuer\\\/#primaryimage\"},\"thumbnailUrl\":\"https:\\\/\\\/informationdemocracy.org\\\/wp-content\\\/uploads\\\/2025\\\/09\\\/Featured-image-.png\",\"datePublished\":\"2025-08-08T10:14:10+00:00\",\"dateModified\":\"2025-09-09T10:09:46+00:00\",\"breadcrumb\":{\"@id\":\"https:\\\/\\\/informationdemocracy.org\\\/fr\\\/contribuer\\\/#breadcrumb\"},\"inLanguage\":\"fr-FR\",\"potentialAction\":[{\"@type\":\"ReadAction\",\"target\":[\"https:\\\/\\\/informationdemocracy.org\\\/fr\\\/contribuer\\\/\"]}]},{\"@type\":\"ImageObject\",\"inLanguage\":\"fr-FR\",\"@id\":\"https:\\\/\\\/informationdemocracy.org\\\/fr\\\/contribuer\\\/#primaryimage\",\"url\":\"https:\\\/\\\/informationdemocracy.org\\\/wp-content\\\/uploads\\\/2025\\\/09\\\/Featured-image-.png\",\"contentUrl\":\"https:\\\/\\\/informationdemocracy.org\\\/wp-content\\\/uploads\\\/2025\\\/09\\\/Featured-image-.png\",\"width\":1200,\"height\":675},{\"@type\":\"BreadcrumbList\",\"@id\":\"https:\\\/\\\/informationdemocracy.org\\\/fr\\\/contribuer\\\/#breadcrumb\",\"itemListElement\":[{\"@type\":\"ListItem\",\"position\":1,\"name\":\"Accueil\",\"item\":\"https:\\\/\\\/informationdemocracy.org\\\/fr\\\/\"},{\"@type\":\"ListItem\",\"position\":2,\"name\":\"Contribuer\"}]},{\"@type\":\"WebSite\",\"@id\":\"https:\\\/\\\/informationdemocracy.org\\\/fr\\\/#website\",\"url\":\"https:\\\/\\\/informationdemocracy.org\\\/fr\\\/\",\"name\":\"Forum on Information & Democracy\",\"description\":\"\",\"publisher\":{\"@id\":\"https:\\\/\\\/informationdemocracy.org\\\/fr\\\/#organization\"},\"potentialAction\":[{\"@type\":\"SearchAction\",\"target\":{\"@type\":\"EntryPoint\",\"urlTemplate\":\"https:\\\/\\\/informationdemocracy.org\\\/fr\\\/?s={search_term_string}\"},\"query-input\":{\"@type\":\"PropertyValueSpecification\",\"valueRequired\":true,\"valueName\":\"search_term_string\"}}],\"inLanguage\":\"fr-FR\"},{\"@type\":\"Organization\",\"@id\":\"https:\\\/\\\/informationdemocracy.org\\\/fr\\\/#organization\",\"name\":\"Forum on Information & Democracy\",\"url\":\"https:\\\/\\\/informationdemocracy.org\\\/fr\\\/\",\"logo\":{\"@type\":\"ImageObject\",\"inLanguage\":\"fr-FR\",\"@id\":\"https:\\\/\\\/informationdemocracy.org\\\/fr\\\/#\\\/schema\\\/logo\\\/image\\\/\",\"url\":\"https:\\\/\\\/informationdemocracy.org\\\/wp-content\\\/uploads\\\/2025\\\/09\\\/Logo.svg\",\"contentUrl\":\"https:\\\/\\\/informationdemocracy.org\\\/wp-content\\\/uploads\\\/2025\\\/09\\\/Logo.svg\",\"width\":168,\"height\":51,\"caption\":\"Forum on Information & Democracy\"},\"image\":{\"@id\":\"https:\\\/\\\/informationdemocracy.org\\\/fr\\\/#\\\/schema\\\/logo\\\/image\\\/\"},\"sameAs\":[\"https:\\\/\\\/www.linkedin.com\\\/company\\\/forum-information-democracy\",\"https:\\\/\\\/www.youtube.com\\\/playlist?list=PL-yF0NqTYQU2B3I97oh3Dv2Dfevd8ThM_\",\"https:\\\/\\\/www.instagram.com\\\/foruminformationdemocracy\\\/\"]}]}<\/script>\n<!-- \/ Yoast SEO plugin. -->","yoast_head_json":{"title":"Contribuer - Forum Information &amp; Democracy","robots":{"index":"index","follow":"follow","max-snippet":"max-snippet:-1","max-image-preview":"max-image-preview:large","max-video-preview":"max-video-preview:-1"},"canonical":"https:\/\/informationdemocracy.org\/fr\/contribuer\/","og_locale":"fr_FR","og_type":"article","og_title":"Contribuer - Forum Information &amp; Democracy","og_description":"&nbsp; Contribuer Le Forum sur l&rsquo;information et la d\u00e9mocratie accueille les contributions de toutes les parties prenantes qui travaillent \u00e0 la mise en place d&rsquo;un espace d&rsquo;information d\u00e9mocratique. Appels \u00e0 contribution ouverts Nous n&rsquo;avons pas actuellement d&rsquo;appel \u00e0 contribution ouvert. Postulez pour rejoindre nos chantiers Nos axes de travail sont ouverts aux d\u00e9cideurs politiques et [&hellip;]","og_url":"https:\/\/informationdemocracy.org\/fr\/contribuer\/","og_site_name":"Forum Information &amp; Democracy","article_modified_time":"2025-09-09T10:09:46+00:00","og_image":[{"width":1200,"height":675,"url":"https:\/\/informationdemocracy.org\/wp-content\/uploads\/2025\/09\/Featured-image-.png","type":"image\/png"}],"twitter_card":"summary_large_image","twitter_misc":{"Dur\u00e9e de lecture estim\u00e9e":"1 minute"},"schema":{"@context":"https:\/\/schema.org","@graph":[{"@type":"WebPage","@id":"https:\/\/informationdemocracy.org\/fr\/contribuer\/","url":"https:\/\/informationdemocracy.org\/fr\/contribuer\/","name":"Contribuer - Forum Information &amp; Democracy","isPartOf":{"@id":"https:\/\/informationdemocracy.org\/fr\/#website"},"primaryImageOfPage":{"@id":"https:\/\/informationdemocracy.org\/fr\/contribuer\/#primaryimage"},"image":{"@id":"https:\/\/informationdemocracy.org\/fr\/contribuer\/#primaryimage"},"thumbnailUrl":"https:\/\/informationdemocracy.org\/wp-content\/uploads\/2025\/09\/Featured-image-.png","datePublished":"2025-08-08T10:14:10+00:00","dateModified":"2025-09-09T10:09:46+00:00","breadcrumb":{"@id":"https:\/\/informationdemocracy.org\/fr\/contribuer\/#breadcrumb"},"inLanguage":"fr-FR","potentialAction":[{"@type":"ReadAction","target":["https:\/\/informationdemocracy.org\/fr\/contribuer\/"]}]},{"@type":"ImageObject","inLanguage":"fr-FR","@id":"https:\/\/informationdemocracy.org\/fr\/contribuer\/#primaryimage","url":"https:\/\/informationdemocracy.org\/wp-content\/uploads\/2025\/09\/Featured-image-.png","contentUrl":"https:\/\/informationdemocracy.org\/wp-content\/uploads\/2025\/09\/Featured-image-.png","width":1200,"height":675},{"@type":"BreadcrumbList","@id":"https:\/\/informationdemocracy.org\/fr\/contribuer\/#breadcrumb","itemListElement":[{"@type":"ListItem","position":1,"name":"Accueil","item":"https:\/\/informationdemocracy.org\/fr\/"},{"@type":"ListItem","position":2,"name":"Contribuer"}]},{"@type":"WebSite","@id":"https:\/\/informationdemocracy.org\/fr\/#website","url":"https:\/\/informationdemocracy.org\/fr\/","name":"Forum on Information & Democracy","description":"","publisher":{"@id":"https:\/\/informationdemocracy.org\/fr\/#organization"},"potentialAction":[{"@type":"SearchAction","target":{"@type":"EntryPoint","urlTemplate":"https:\/\/informationdemocracy.org\/fr\/?s={search_term_string}"},"query-input":{"@type":"PropertyValueSpecification","valueRequired":true,"valueName":"search_term_string"}}],"inLanguage":"fr-FR"},{"@type":"Organization","@id":"https:\/\/informationdemocracy.org\/fr\/#organization","name":"Forum on Information & Democracy","url":"https:\/\/informationdemocracy.org\/fr\/","logo":{"@type":"ImageObject","inLanguage":"fr-FR","@id":"https:\/\/informationdemocracy.org\/fr\/#\/schema\/logo\/image\/","url":"https:\/\/informationdemocracy.org\/wp-content\/uploads\/2025\/09\/Logo.svg","contentUrl":"https:\/\/informationdemocracy.org\/wp-content\/uploads\/2025\/09\/Logo.svg","width":168,"height":51,"caption":"Forum on Information & Democracy"},"image":{"@id":"https:\/\/informationdemocracy.org\/fr\/#\/schema\/logo\/image\/"},"sameAs":["https:\/\/www.linkedin.com\/company\/forum-information-democracy","https:\/\/www.youtube.com\/playlist?list=PL-yF0NqTYQU2B3I97oh3Dv2Dfevd8ThM_","https:\/\/www.instagram.com\/foruminformationdemocracy\/"]}]}},"_links":{"self":[{"href":"https:\/\/informationdemocracy.org\/fr\/wp-json\/wp\/v2\/pages\/11452","targetHints":{"allow":["GET"]}}],"collection":[{"href":"https:\/\/informationdemocracy.org\/fr\/wp-json\/wp\/v2\/pages"}],"about":[{"href":"https:\/\/informationdemocracy.org\/fr\/wp-json\/wp\/v2\/types\/page"}],"author":[{"embeddable":true,"href":"https:\/\/informationdemocracy.org\/fr\/wp-json\/wp\/v2\/users\/3"}],"replies":[{"embeddable":true,"href":"https:\/\/informationdemocracy.org\/fr\/wp-json\/wp\/v2\/comments?post=11452"}],"version-history":[{"count":0,"href":"https:\/\/informationdemocracy.org\/fr\/wp-json\/wp\/v2\/pages\/11452\/revisions"}],"wp:featuredmedia":[{"embeddable":true,"href":"https:\/\/informationdemocracy.org\/fr\/wp-json\/wp\/v2\/media\/11399"}],"wp:attachment":[{"href":"https:\/\/informationdemocracy.org\/fr\/wp-json\/wp\/v2\/media?parent=11452"}],"curies":[{"name":"wp","href":"https:\/\/api.w.org\/{rel}","templated":true}]}}